{"id":8757,"date":"2023-07-08T19:31:13","date_gmt":"2023-07-08T17:31:13","guid":{"rendered":"https:\/\/harmtex.ee\/%d0%b7%d0%b0%d0%ba%d0%b0%d0%b6%d0%b8%d1%82%d0%b5-%d0%ba%d0%be%d0%bd%d1%81%d1%83%d0%bb%d1%8c%d1%82%d0%b0%d1%86%d0%b8%d1%8e\/"},"modified":"2023-08-28T14:16:24","modified_gmt":"2023-08-28T12:16:24","slug":"%d0%b7%d0%b0%d0%ba%d0%b0%d0%b6%d0%b8%d1%82%d0%b5-%d0%ba%d0%be%d0%bd%d1%81%d1%83%d0%bb%d1%8c%d1%82%d0%b0%d1%86%d0%b8%d1%8e","status":"publish","type":"page","link":"https:\/\/www.harmtex.ee\/ru\/%d0%b7%d0%b0%d0%ba%d0%b0%d0%b6%d0%b8%d1%82%d0%b5-%d0%ba%d0%be%d0%bd%d1%81%d1%83%d0%bb%d1%8c%d1%82%d0%b0%d1%86%d0%b8%d1%8e\/","title":{"rendered":"\u0417\u0410\u041a\u0410\u0416\u0418\u0422\u0415 \u041a\u041e\u041d\u0421\u0423\u041b\u042c\u0422\u0410\u0426\u0418\u042e"},"content":{"rendered":"<p>[et_pb_section fb_built=&#187;1&#8243; custom_padding_last_edited=&#187;on|desktop&#187; prev_background_color=&#187;#ffffff&#187; admin_label=&#187;Header Section&#187; _builder_version=&#187;4.21.0&#8243; use_background_color_gradient=&#187;on&#187; background_color_gradient_stops=&#187;#000000 0%|rgba(0,0,0,0) 100%&#187; background_color_gradient_overlays_image=&#187;on&#187; background_color_gradient_start=&#187;#000000&#8243; background_color_gradient_end=&#187;rgba(0,0,0,0)&#187; background_image=&#187;https:\/\/harmtex.ee\/wp-content\/uploads\/2019\/12\/LL_Roller_Night_Night_Glow_Closed__DARK_Main1-e1643882754595.jpg&#187; custom_margin=&#187;-1px||||false|false&#187; custom_padding=&#187;|0px||0px|false|false&#187; custom_padding_tablet=&#187;|0px||0px|false|false&#187; custom_padding_phone=&#187;10%||15%||false|false&#187; filter_brightness=&#187;135%&#187; top_divider_style=&#187;wave2&#8243; top_divider_height=&#187;59px&#187; bottom_divider_style=&#187;wave2&#8243; bottom_divider_color=&#187;#FFFFFF&#187; global_colors_info=&#187;{}&#187;][et_pb_row _builder_version=&#187;4.21.0&#8243; _module_preset=&#187;default&#187; global_colors_info=&#187;{}&#187;][et_pb_column type=&#187;4_4&#8243; _builder_version=&#187;4.21.0&#8243; _module_preset=&#187;default&#187; global_colors_info=&#187;{}&#187;][et_pb_text admin_label=&#187;Title &#038; Paragraph&#187; _builder_version=&#187;4.21.0&#8243; text_font=&#187;|600|||||||&#187; text_text_color=&#187;rgba(255,255,255,0.55)&#187; text_font_size=&#187;20px&#187; text_line_height=&#187;1.9em&#187; header_font=&#187;|700|||||||&#187; header_text_color=&#187;#FFFFFF&#187; header_font_size=&#187;52px&#187; header_line_height=&#187;1.4em&#187; header_2_font=&#187;||||||||&#187; text_orientation=&#187;center&#187; background_layout=&#187;dark&#187; max_width=&#187;100%&#187; max_width_last_edited=&#187;off|desktop&#187; module_alignment=&#187;center&#187; custom_margin=&#187;|||&#187; custom_margin_tablet=&#187;0px|||0px&#187; custom_margin_last_edited=&#187;off|desktop&#187; custom_padding=&#187;|||&#187; custom_padding_last_edited=&#187;off|desktop&#187; animation_style=&#187;fade&#187; hover_enabled=&#187;0&#8243; text_font_size_phone=&#187;17px&#187; text_font_size_last_edited=&#187;off|desktop&#187; header_font_size_tablet=&#187;&#187; header_font_size_phone=&#187;30px&#187; header_font_size_last_edited=&#187;on|phone&#187; global_colors_info=&#187;{}&#187; sticky_enabled=&#187;0&#8243;]<\/p>\n<h1>\u0417\u0410\u041a\u0410\u0416\u0418\u0422\u0415 \u041a\u041e\u041d\u0421\u0423\u041b\u042c\u0422\u0410\u0426\u0418\u042e<\/h1>\n<p>[\/et_pb_text][et_pb_text admin_label=&#187;Title &#038; Paragraph&#187; _builder_version=&#187;4.21.0&#8243; text_font=&#187;Lato||||||||&#187; text_text_color=&#187;#D6D6D6&#8243; text_font_size=&#187;20px&#187; text_letter_spacing=&#187;1px&#187; text_line_height=&#187;1.5em&#187; header_font=&#187;|700|||||||&#187; header_text_color=&#187;#ccbcaf&#187; header_font_size=&#187;50px&#187; header_line_height=&#187;1.4em&#187; header_2_font=&#187;||||||||&#187; text_orientation=&#187;center&#187; background_layout=&#187;dark&#187; max_width=&#187;640px&#187; max_width_last_edited=&#187;off|desktop&#187; module_alignment=&#187;center&#187; custom_margin=&#187;-17px||||false|false&#187; custom_margin_tablet=&#187;0px|||0px&#187; custom_margin_last_edited=&#187;off|desktop&#187; custom_padding=&#187;|||&#187; custom_padding_last_edited=&#187;off|desktop&#187; animation_style=&#187;fade&#187; text_font_size_phone=&#187;17px&#187; text_font_size_last_edited=&#187;off|desktop&#187; header_font_size_tablet=&#187;&#187; header_font_size_phone=&#187;30px&#187; header_font_size_last_edited=&#187;on|phone&#187; global_colors_info=&#187;{}&#187;]<\/p>\n<p>\u0417\u0430\u043f\u0438\u0448\u0438\u0442\u0435\u0441\u044c \u043d\u0430 \u043f\u0440\u0438\u0435\u043c \u043a \u043d\u0430\u0448\u0435\u043c\u0443 \u043e\u043f\u044b\u0442\u043d\u043e\u043c\u0443 \u0434\u0438\u0437\u0430\u0439\u043d\u0435\u0440\u0443 \u0432 \u0441\u0430\u043b\u043e\u043d\u0435 \u0448\u0442\u043e\u0440 HarmTex \u0438\u043b\u0438 \u0437\u0430\u043a\u0430\u0436\u0438\u0442\u0435 \u043a \u0441\u0435\u0431\u0435 \u0432\u044b\u0435\u0437\u0434\u043d\u043e\u0439 \u0430\u0432\u0442\u043e\u0431\u0443\u0441 \u0448\u0442\u043e\u0440 \u0432\u043c\u0435\u0441\u0442\u0435 \u0441 \u0434\u0438\u0437\u0430\u0439\u043d\u0435\u0440\u043e\u043c \u0438 \u043e\u0431\u0440\u0430\u0437\u0446\u0430\u043c\u0438 \u043f\u0440\u043e\u0434\u0443\u043a\u0446\u0438\u0438!<\/p>\n<p>[\/et_pb_text][\/et_pb_column][\/et_pb_row][et_pb_row column_structure=&#187;1_2,1_2&#8243; _builder_version=&#187;4.21.0&#8243; _module_preset=&#187;default&#187; width=&#187;68%&#187; max_width=&#187;477px&#187; global_colors_info=&#187;{}&#187;][et_pb_column type=&#187;1_2&#8243; _builder_version=&#187;4.21.0&#8243; _module_preset=&#187;default&#187; global_colors_info=&#187;{}&#187;][et_pb_blurb title=&#187;+372 5199 9994  &#187; use_icon=&#187;on&#187; font_icon=&#187;&#xe090;||divi||400&#8243; icon_color=&#187;#FFFFFF&#187; icon_placement=&#187;left&#187; image_icon_width=&#187;25px&#187; content_max_width=&#187;255px&#187; _builder_version=&#187;4.21.0&#8243; _module_preset=&#187;default&#187; header_font=&#187;|700|||||||&#187; header_text_align=&#187;left&#187; header_text_color=&#187;#FFFFFF&#187; image_icon_custom_margin=&#187;|||16px|false|false&#187; image_icon_custom_padding=&#187;||||false|false&#187; background_layout=&#187;dark&#187; custom_margin=&#187;-30px||||false|false&#187; custom_padding=&#187;||||false|false&#187; custom_padding_tablet=&#187;||||false|false&#187; custom_padding_phone=&#187;|||0px|false|false&#187; custom_padding_last_edited=&#187;on|phone&#187; header_text_color_tablet=&#187;#FFFFFF&#187; header_text_color_phone=&#187;#FFFFFF&#187; header_text_color_last_edited=&#187;on|phone&#187; global_colors_info=&#187;{}&#187;][\/et_pb_blurb][\/et_pb_column][et_pb_column type=&#187;1_2&#8243; _builder_version=&#187;4.21.0&#8243; _module_preset=&#187;default&#187; global_colors_info=&#187;{}&#187;][et_pb_blurb title=&#187;+372  5343 3480&#8243; use_icon=&#187;on&#187; font_icon=&#187;&#xf207;||fa||900&#8243; icon_color=&#187;#FFFFFF&#187; icon_placement=&#187;left&#187; image_icon_width=&#187;25px&#187; content_max_width=&#187;255px&#187; _builder_version=&#187;4.21.0&#8243; _module_preset=&#187;default&#187; header_font=&#187;|700|||||||&#187; header_text_align=&#187;left&#187; header_text_color=&#187;#FFFFFF&#187; image_icon_custom_margin=&#187;|||16px|false|false&#187; image_icon_custom_padding=&#187;||||false|false&#187; background_layout=&#187;dark&#187; custom_margin=&#187;-30px||||false|false&#187; custom_padding=&#187;||||false|false&#187; custom_padding_tablet=&#187;||||false|false&#187; custom_padding_phone=&#187;|||0px|false|false&#187; custom_padding_last_edited=&#187;on|phone&#187; header_text_color_tablet=&#187;#FFFFFF&#187; header_text_color_phone=&#187;#FFFFFF&#187; header_text_color_last_edited=&#187;on|phone&#187; global_colors_info=&#187;{}&#187;][\/et_pb_blurb][\/et_pb_column][\/et_pb_row][\/et_pb_section][et_pb_section fb_built=&#187;1&#8243; _builder_version=&#187;4.21.0&#8243; _module_preset=&#187;default&#187; bottom_divider_color=&#187;#D6D6D6&#8243; bottom_divider_height=&#187;79px&#187; global_colors_info=&#187;{}&#187;][et_pb_row _builder_version=&#187;4.16&#8243; _module_preset=&#187;default&#187; global_colors_info=&#187;{}&#187;][et_pb_column type=&#187;4_4&#8243; _builder_version=&#187;4.16&#8243; _module_preset=&#187;default&#187; global_colors_info=&#187;{}&#187;][et_pb_text _builder_version=&#187;4.21.0&#8243; _module_preset=&#187;default&#187; text_font=&#187;||||||||&#187; text_font_size=&#187;20px&#187; text_line_height=&#187;1.4em&#187; header_2_font=&#187;|700|||||||&#187; header_2_font_size=&#187;38px&#187; header_2_line_height=&#187;1.3em&#187; text_orientation=&#187;center&#187; custom_margin=&#187;-53px||||false|false&#187; header_2_font_size_tablet=&#187;&#187; header_2_font_size_phone=&#187;30px&#187; header_2_font_size_last_edited=&#187;on|phone&#187; global_colors_info=&#187;{}&#187;]<\/p>\n<h2>\u0417\u0430\u043a\u0430\u0436\u0438\u0442\u0435 \u043a\u043e\u043d\u0441\u0443\u043b\u044c\u0442\u0430\u0446\u0438\u044e \u043f\u043e \u044d\u043b\u0435\u043a\u0442\u0440\u043e\u043d\u043d\u043e\u0439 \u043f\u043e\u0447\u0442\u0435!<\/h2>\n<p>\u041e\u0441\u0442\u0430\u0432\u044c\u0442\u0435 \u043d\u0430\u043c \u0441\u0432\u043e\u0438 \u043a\u043e\u043d\u0442\u0430\u043a\u0442\u044b \u0438 \u043a\u0440\u0430\u0442\u043a\u043e \u043e\u043f\u0438\u0448\u0438\u0442\u0435 \u0441\u0432\u043e\u0435 \u0436\u0435\u043b\u0430\u043d\u0438\u0435, \u0438 \u043c\u044b \u0441\u0432\u044f\u0436\u0435\u043c\u0441\u044f \u0441 \u0412\u0430\u043c\u0438 \u0432 \u0431\u043b\u0438\u0436\u0430\u0439\u0448\u0435\u0435 \u0432\u0440\u0435\u043c\u044f!<\/p>\n<p>[\/et_pb_text][\/et_pb_column][\/et_pb_row][et_pb_row column_structure=&#187;1_2,1_2&#8243; _builder_version=&#187;4.16&#8243; _module_preset=&#187;default&#187; global_colors_info=&#187;{}&#187;][et_pb_column type=&#187;1_2&#8243; _builder_version=&#187;4.16&#8243; _module_preset=&#187;default&#187; global_colors_info=&#187;{}&#187;][et_pb_image src=&#187;https:\/\/harmtex.ee\/wp-content\/uploads\/2021\/04\/IMG_5227.jpg&#187; title_text=&#187;IMG_5227&#8243; _builder_version=&#187;4.16&#8243; _module_preset=&#187;default&#187; custom_margin=&#187;-2px||||false|false&#187; global_colors_info=&#187;{}&#187;][\/et_pb_image][\/et_pb_column][et_pb_column type=&#187;1_2&#8243; _builder_version=&#187;4.16&#8243; _module_preset=&#187;default&#187; global_colors_info=&#187;{}&#187;][et_pb_contact_form captcha=&#187;off&#187; email=&#187;info@harmtex.ee&#187; success_message=&#187;\u0421\u043f\u0430\u0441\u0438\u0431\u043e \u0437\u0430 \u0441\u043e\u043e\u0431\u0449\u0435\u043d\u0438\u0435! \u041c\u044b \u0441\u0432\u044f\u0436\u0435\u043c\u0441\u044f \u0441 \u0432\u0430\u043c\u0438 \u0432 \u0442\u0435\u0447\u0435\u043d\u0438\u0435 24 \u0447\u0430\u0441\u043e\u0432.  &#187; submit_button_text=&#187;\u041e\u0442\u043f\u0440\u0430\u0432\u043b\u044f\u0442\u044c&#187; _builder_version=&#187;4.16&#8243; _unique_id=&#187;39ef026f-e8b0-4f56-9b52-b0047082993e&#187; title_font=&#187;|600|||||||&#187; title_text_align=&#187;center&#187; global_colors_info=&#187;{}&#187;][et_pb_contact_field field_id=&#187;Email&#187; field_title=&#187;\u042d\u043b\u0435\u043a\u0442\u0440\u043e\u043d\u043d\u0430\u044f \u043f\u043e\u0447\u0442\u0430&#187; field_type=&#187;email&#187; _builder_version=&#187;4.16&#8243; global_colors_info=&#187;{}&#187; button_text_size__hover_enabled=&#187;off&#187; button_one_text_size__hover_enabled=&#187;off&#187; button_two_text_size__hover_enabled=&#187;off&#187; button_text_color__hover_enabled=&#187;off&#187; button_one_text_color__hover_enabled=&#187;off&#187; button_two_text_color__hover_enabled=&#187;off&#187; button_border_width__hover_enabled=&#187;off&#187; button_one_border_width__hover_enabled=&#187;off&#187; button_two_border_width__hover_enabled=&#187;off&#187; button_border_color__hover_enabled=&#187;off&#187; button_one_border_color__hover_enabled=&#187;off&#187; button_two_border_color__hover_enabled=&#187;off&#187; button_border_radius__hover_enabled=&#187;off&#187; button_one_border_radius__hover_enabled=&#187;off&#187; button_two_border_radius__hover_enabled=&#187;off&#187; button_letter_spacing__hover_enabled=&#187;off&#187; button_one_letter_spacing__hover_enabled=&#187;off&#187; button_two_letter_spacing__hover_enabled=&#187;off&#187; button_bg_color__hover_enabled=&#187;off&#187; button_one_bg_color__hover_enabled=&#187;off&#187; button_two_bg_color__hover_enabled=&#187;off&#187;][\/et_pb_contact_field][et_pb_contact_field field_id=&#187;Phone_2&#8243; field_title=&#187;\u041d\u043e\u043c\u0435\u0440 \u0442\u0435\u043b\u0435\u0444\u043e\u043d\u0430&#187; _builder_version=&#187;4.16&#8243; global_colors_info=&#187;{}&#187; button_text_size__hover_enabled=&#187;off&#187; button_one_text_size__hover_enabled=&#187;off&#187; button_two_text_size__hover_enabled=&#187;off&#187; button_text_color__hover_enabled=&#187;off&#187; button_one_text_color__hover_enabled=&#187;off&#187; button_two_text_color__hover_enabled=&#187;off&#187; button_border_width__hover_enabled=&#187;off&#187; button_one_border_width__hover_enabled=&#187;off&#187; button_two_border_width__hover_enabled=&#187;off&#187; button_border_color__hover_enabled=&#187;off&#187; button_one_border_color__hover_enabled=&#187;off&#187; button_two_border_color__hover_enabled=&#187;off&#187; button_border_radius__hover_enabled=&#187;off&#187; button_one_border_radius__hover_enabled=&#187;off&#187; button_two_border_radius__hover_enabled=&#187;off&#187; button_letter_spacing__hover_enabled=&#187;off&#187; button_one_letter_spacing__hover_enabled=&#187;off&#187; button_two_letter_spacing__hover_enabled=&#187;off&#187; button_bg_color__hover_enabled=&#187;off&#187; button_one_bg_color__hover_enabled=&#187;off&#187; button_two_bg_color__hover_enabled=&#187;off&#187;][\/et_pb_contact_field][et_pb_contact_field field_id=&#187;Name_2&#8243; field_title=&#187;\u0418\u043c\u044f \u0438 \u0444\u0430\u043c\u0438\u043b\u0438\u044f&#187; fullwidth_field=&#187;on&#187; _builder_version=&#187;4.16&#8243; global_colors_info=&#187;{}&#187; button_text_size__hover_enabled=&#187;off&#187; button_one_text_size__hover_enabled=&#187;off&#187; button_two_text_size__hover_enabled=&#187;off&#187; button_text_color__hover_enabled=&#187;off&#187; button_one_text_color__hover_enabled=&#187;off&#187; button_two_text_color__hover_enabled=&#187;off&#187; button_border_width__hover_enabled=&#187;off&#187; button_one_border_width__hover_enabled=&#187;off&#187; button_two_border_width__hover_enabled=&#187;off&#187; button_border_color__hover_enabled=&#187;off&#187; button_one_border_color__hover_enabled=&#187;off&#187; button_two_border_color__hover_enabled=&#187;off&#187; button_border_radius__hover_enabled=&#187;off&#187; button_one_border_radius__hover_enabled=&#187;off&#187; button_two_border_radius__hover_enabled=&#187;off&#187; button_letter_spacing__hover_enabled=&#187;off&#187; button_one_letter_spacing__hover_enabled=&#187;off&#187; button_two_letter_spacing__hover_enabled=&#187;off&#187; button_bg_color__hover_enabled=&#187;off&#187; button_one_bg_color__hover_enabled=&#187;off&#187; button_two_bg_color__hover_enabled=&#187;off&#187;][\/et_pb_contact_field][et_pb_contact_field field_id=&#187;Message&#187; field_title=&#187;\u0421\u043e\u043e\u0431\u0449\u0435\u043d\u0438\u0435&#187; field_type=&#187;text&#187; fullwidth_field=&#187;on&#187; _builder_version=&#187;4.16&#8243; global_colors_info=&#187;{}&#187; button_text_size__hover_enabled=&#187;off&#187; button_one_text_size__hover_enabled=&#187;off&#187; button_two_text_size__hover_enabled=&#187;off&#187; button_text_color__hover_enabled=&#187;off&#187; button_one_text_color__hover_enabled=&#187;off&#187; button_two_text_color__hover_enabled=&#187;off&#187; button_border_width__hover_enabled=&#187;off&#187; button_one_border_width__hover_enabled=&#187;off&#187; button_two_border_width__hover_enabled=&#187;off&#187; button_border_color__hover_enabled=&#187;off&#187; button_one_border_color__hover_enabled=&#187;off&#187; button_two_border_color__hover_enabled=&#187;off&#187; button_border_radius__hover_enabled=&#187;off&#187; button_one_border_radius__hover_enabled=&#187;off&#187; button_two_border_radius__hover_enabled=&#187;off&#187; button_letter_spacing__hover_enabled=&#187;off&#187; button_one_letter_spacing__hover_enabled=&#187;off&#187; button_two_letter_spacing__hover_enabled=&#187;off&#187; button_bg_color__hover_enabled=&#187;off&#187; button_one_bg_color__hover_enabled=&#187;off&#187; button_two_bg_color__hover_enabled=&#187;off&#187;][\/et_pb_contact_field][\/et_pb_contact_form][\/et_pb_column][\/et_pb_row][\/et_pb_section][et_pb_section fb_built=&#187;1&#8243; _builder_version=&#187;4.21.0&#8243; _module_preset=&#187;default&#187; custom_margin=&#187;-2px||-4px||false|false&#187; custom_padding=&#187;54px||||false|false&#187; top_divider_style=&#187;slant2&#8243; top_divider_color=&#187;#B3B3B3&#8243; top_divider_height=&#187;84px&#187; bottom_divider_style=&#187;slant2&#8243; bottom_divider_color=&#187;#D6D6D6&#8243; bottom_divider_height=&#187;68px&#187; saved_tabs=&#187;all&#187; global_colors_info=&#187;{}&#187;][et_pb_row _builder_version=&#187;4.21.0&#8243; _module_preset=&#187;default&#187; custom_margin=&#187;37px||||false|false&#187; custom_padding=&#187;18px||||false|false&#187; global_colors_info=&#187;{}&#187;][et_pb_column type=&#187;4_4&#8243; _builder_version=&#187;4.16&#8243; _module_preset=&#187;default&#187; global_colors_info=&#187;{}&#187;][et_pb_text _builder_version=&#187;4.21.0&#8243; _module_preset=&#187;default&#187; text_font=&#187;Muli||||||||&#187; text_font_size=&#187;20px&#187; header_2_font=&#187;|600|||||||&#187; header_2_font_size=&#187;38px&#187; header_2_line_height=&#187;1.3em&#187; header_3_text_color=&#187;#8F8F8F&#187; text_orientation=&#187;center&#187; custom_margin=&#187;1px||||false|false&#187; custom_padding=&#187;1px||0px||false|false&#187; header_2_font_size_tablet=&#187;&#187; header_2_font_size_phone=&#187;30px&#187; header_2_font_size_last_edited=&#187;on|phone&#187; global_colors_info=&#187;{}&#187;]<\/p>\n<h2>\u041f\u043e\u0441\u0435\u0442\u0438\u0442\u0435 \u043d\u0430\u0448\u0438 \u0443\u044e\u0442\u043d\u044b\u0435 \u0441\u0430\u043b\u043e\u043d\u044b \u0448\u0442\u043e\u0440 \u0432 \u041f\u044f\u0440\u043d\u0443 \u0438 \u0422\u0430\u043b\u043b\u0438\u043d\u043d\u0435!<\/h2>\n<h3><strong>\u041f\u043d.-\u041f\u0442. 10:00-17:00<\/strong><\/h3>\n<p>[\/et_pb_text][\/et_pb_column][\/et_pb_row][et_pb_row column_structure=&#187;1_3,1_3,1_3&#8243; _builder_version=&#187;4.21.0&#8243; _module_preset=&#187;default&#187; global_colors_info=&#187;{}&#187;][et_pb_column type=&#187;1_3&#8243; _builder_version=&#187;4.21.0&#8243; _module_preset=&#187;default&#187; global_colors_info=&#187;{}&#187;][et_pb_blurb title=&#187;\u0421\u0410\u041b\u041e\u041d \u0428\u0422\u041e\u0420 HARMTEX \u0412 \u041f\u042f\u0420\u041d\u0423&#187; use_icon=&#187;on&#187; font_icon=&#187;&#xf1ad;||fa||400&#8243; icon_color=&#187;#8F8F8F&#187; icon_placement=&#187;left&#187; _builder_version=&#187;4.21.0&#8243; _module_preset=&#187;default&#187; header_font=&#187;|700|||||||&#187; header_font_size=&#187;16px&#187; global_colors_info=&#187;{}&#187;]<\/p>\n<p>Waldofi \u00c4rimaja<\/p>\n<p>Suur-J\u00f5e 63, \u041f\u044f\u0440\u043d\u0443<\/p>\n<p>Te\u043b.: +372 5199 9807<\/p>\n<p>[\/et_pb_blurb][\/et_pb_column][et_pb_column type=&#187;1_3&#8243; _builder_version=&#187;4.21.0&#8243; _module_preset=&#187;default&#187; global_colors_info=&#187;{}&#187;][et_pb_blurb title=&#187;\u0421\u0410\u041b\u041e\u041d \u0428\u0422\u041e\u0420 HARMTEX \u0412 \u0422\u0410\u041b\u041b\u0418\u041d\u041d\u0415&#187; use_icon=&#187;on&#187; font_icon=&#187;&#xf1ad;||fa||900&#8243; icon_color=&#187;#8F8F8F&#187; icon_placement=&#187;left&#187; _builder_version=&#187;4.21.0&#8243; _module_preset=&#187;default&#187; header_font=&#187;|700|||||||&#187; header_font_size=&#187;16px&#187; global_colors_info=&#187;{}&#187;]<\/p>\n<p>V\u00e4ike-J\u00e4rve \u00c4rimaja<\/p>\n<p>P\u00e4rnu mnt 186, \u0422\u0430\u043b\u043b\u0438\u043d\u043d<\/p>\n<p>Te\u043b.: +372 5343 3480<\/p>\n<p>[\/et_pb_blurb][\/et_pb_column][et_pb_column type=&#187;1_3&#8243; _builder_version=&#187;4.21.0&#8243; _module_preset=&#187;default&#187; global_colors_info=&#187;{}&#187;][et_pb_blurb title=&#187;\u0410\u0412\u0422\u041e\u0411\u0423\u0421 \u0428\u0422\u041e\u0420 HARMTEX&#187; use_icon=&#187;on&#187; font_icon=&#187;&#xf207;||fa||900&#8243; icon_color=&#187;#8F8F8F&#187; icon_placement=&#187;left&#187; _builder_version=&#187;4.21.0&#8243; _module_preset=&#187;default&#187; header_font=&#187;|700|||||||&#187; header_font_size=&#187;16px&#187; global_colors_info=&#187;{}&#187;]<\/p>\n<p>\u041f\u0440\u0438\u0433\u043b\u0430\u0441\u0438\u0442\u0435 \u0441\u0430\u043b\u043e\u043d \u0448\u0442\u043e\u0440 \u043a \u0441\u0435\u0431\u0435!<\/p>\n<p>\u0414\u043e\u0433\u043e\u0432\u043e\u0440\u0438\u0442\u0435\u0441\u044c \u043e \u043f\u043e\u0441\u0435\u0449\u0435\u043d\u0438\u0438 \u043d\u0430 \u0434\u043e\u043c \u043f\u043e \u0442\u0435\u043b\u0435\u0444\u043e\u043d\u0443 +372 53 433 480.<\/p>\n<p>[\/et_pb_blurb][\/et_pb_column][\/et_pb_row][\/et_pb_section]<\/p>\n","protected":false},"excerpt":{"rendered":"<p>\u0417\u0410\u041a\u0410\u0416\u0418\u0422\u0415 \u041a\u041e\u041d\u0421\u0423\u041b\u042c\u0422\u0410\u0426\u0418\u042e\u0417\u0430\u043f\u0438\u0448\u0438\u0442\u0435\u0441\u044c \u043d\u0430 \u043f\u0440\u0438\u0435\u043c \u043a \u043d\u0430\u0448\u0435\u043c\u0443 \u043e\u043f\u044b\u0442\u043d\u043e\u043c\u0443 \u0434\u0438\u0437\u0430\u0439\u043d\u0435\u0440\u0443 \u0432 \u0441\u0430\u043b\u043e\u043d\u0435 \u0448\u0442\u043e\u0440 HarmTex \u0438\u043b\u0438 \u0437\u0430\u043a\u0430\u0436\u0438\u0442\u0435 \u043a \u0441\u0435\u0431\u0435 \u0432\u044b\u0435\u0437\u0434\u043d\u043e\u0439 \u0430\u0432\u0442\u043e\u0431\u0443\u0441 \u0448\u0442\u043e\u0440 \u0432\u043c\u0435\u0441\u0442\u0435 \u0441 \u0434\u0438\u0437\u0430\u0439\u043d\u0435\u0440\u043e\u043c \u0438 \u043e\u0431\u0440\u0430\u0437\u0446\u0430\u043c\u0438 \u043f\u0440\u043e\u0434\u0443\u043a\u0446\u0438\u0438!\u0417\u0430\u043a\u0430\u0436\u0438\u0442\u0435 \u043a\u043e\u043d\u0441\u0443\u043b\u044c\u0442\u0430\u0446\u0438\u044e \u043f\u043e \u044d\u043b\u0435\u043a\u0442\u0440\u043e\u043d\u043d\u043e\u0439 \u043f\u043e\u0447\u0442\u0435! \u041e\u0441\u0442\u0430\u0432\u044c\u0442\u0435 \u043d\u0430\u043c \u0441\u0432\u043e\u0438 \u043a\u043e\u043d\u0442\u0430\u043a\u0442\u044b \u0438 \u043a\u0440\u0430\u0442\u043a\u043e \u043e\u043f\u0438\u0448\u0438\u0442\u0435 \u0441\u0432\u043e\u0435 \u0436\u0435\u043b\u0430\u043d\u0438\u0435, \u0438 \u043c\u044b \u0441\u0432\u044f\u0436\u0435\u043c\u0441\u044f \u0441 \u0412\u0430\u043c\u0438 \u0432 \u0431\u043b\u0438\u0436\u0430\u0439\u0448\u0435\u0435 \u0432\u0440\u0435\u043c\u044f!\u041f\u043e\u0441\u0435\u0442\u0438\u0442\u0435 \u043d\u0430\u0448\u0438 \u0443\u044e\u0442\u043d\u044b\u0435 \u0441\u0430\u043b\u043e\u043d\u044b \u0448\u0442\u043e\u0440 \u0432 \u041f\u044f\u0440\u043d\u0443 \u0438 \u0422\u0430\u043b\u043b\u0438\u043d\u043d\u0435! \u041f\u043d.-\u041f\u0442. [&hellip;]<\/p>\n","protected":false},"author":6,"featured_media":0,"parent":0,"menu_order":0,"comment_status":"closed","ping_status":"closed","template":"","meta":{"_et_pb_use_builder":"on","_et_pb_old_content":"","_et_gb_content_width":"","footnotes":""},"class_list":["post-8757","page","type-page","status-publish","hentry"],"_links":{"self":[{"href":"https:\/\/www.harmtex.ee\/ru\/wp-json\/wp\/v2\/pages\/8757","targetHints":{"allow":["GET"]}}],"collection":[{"href":"https:\/\/www.harmtex.ee\/ru\/wp-json\/wp\/v2\/pages"}],"about":[{"href":"https:\/\/www.harmtex.ee\/ru\/wp-json\/wp\/v2\/types\/page"}],"author":[{"embeddable":true,"href":"https:\/\/www.harmtex.ee\/ru\/wp-json\/wp\/v2\/users\/6"}],"replies":[{"embeddable":true,"href":"https:\/\/www.harmtex.ee\/ru\/wp-json\/wp\/v2\/comments?post=8757"}],"version-history":[{"count":5,"href":"https:\/\/www.harmtex.ee\/ru\/wp-json\/wp\/v2\/pages\/8757\/revisions"}],"predecessor-version":[{"id":9586,"href":"https:\/\/www.harmtex.ee\/ru\/wp-json\/wp\/v2\/pages\/8757\/revisions\/9586"}],"wp:attachment":[{"href":"https:\/\/www.harmtex.ee\/ru\/wp-json\/wp\/v2\/media?parent=8757"}],"curies":[{"name":"wp","href":"https:\/\/api.w.org\/{rel}","templated":true}]}}