{"id":9094,"date":"2023-07-13T15:32:25","date_gmt":"2023-07-13T13:32:25","guid":{"rendered":"https:\/\/harmtex.ee\/%d0%bb%d0%b0%d0%bc%d0%b5%d0%bb%d1%8c%d0%bd%d1%8b%d0%b5-%d1%88%d1%82%d0%be%d1%80%d1%8b\/"},"modified":"2023-08-16T12:55:12","modified_gmt":"2023-08-16T10:55:12","slug":"%d0%bb%d0%b0%d0%bc%d0%b5%d0%bb%d1%8c%d0%bd%d1%8b%d0%b5-%d1%88%d1%82%d0%be%d1%80%d1%8b","status":"publish","type":"page","link":"https:\/\/www.harmtex.ee\/ru\/%d0%bb%d0%b0%d0%bc%d0%b5%d0%bb%d1%8c%d0%bd%d1%8b%d0%b5-%d1%88%d1%82%d0%be%d1%80%d1%8b\/","title":{"rendered":"\u041b\u0410\u041c\u0415\u041b\u042c\u041d\u042b\u0415 \u0428\u0422\u041e\u0420\u042b"},"content":{"rendered":"<p>[et_pb_section fb_built=&#187;1&#8243; specialty=&#187;on&#187; _builder_version=&#187;4.21.0&#8243; _module_preset=&#187;default&#187; top_divider_style=&#187;slant2&#8243; top_divider_color=&#187;#E6E6E6&#8243; top_divider_height=&#187;68px&#187; global_colors_info=&#187;{}&#187; theme_builder_area=&#187;post_content&#187;][et_pb_column type=&#187;3_4&#8243; specialty_columns=&#187;3&#8243; _builder_version=&#187;4.16&#8243; custom_padding=&#187;|||&#187; global_colors_info=&#187;{}&#187; custom_padding__hover=&#187;|||&#187; theme_builder_area=&#187;post_content&#187;][et_pb_row_inner _builder_version=&#187;4.16&#8243; _module_preset=&#187;default&#187; global_colors_info=&#187;{}&#187; theme_builder_area=&#187;post_content&#187;][et_pb_column_inner saved_specialty_column_type=&#187;3_4&#8243; _builder_version=&#187;4.16&#8243; _module_preset=&#187;default&#187; global_colors_info=&#187;{}&#187; theme_builder_area=&#187;post_content&#187;][et_pb_text _builder_version=&#187;4.21.0&#8243; _module_preset=&#187;default&#187; header_font=&#187;|700|||||||&#187; header_font_size=&#187;40px&#187; header_letter_spacing=&#187;1px&#187; header_line_height=&#187;1.8em&#187; hover_enabled=&#187;0&#8243; header_font_size_tablet=&#187;40px&#187; header_font_size_phone=&#187;28px&#187; header_font_size_last_edited=&#187;on|phone&#187; global_colors_info=&#187;{}&#187; sticky_enabled=&#187;0&#8243; theme_builder_area=&#187;post_content&#187;]<\/p>\n<h1><b>\u041b\u0430\u043c\u0435\u043b\u044c\u043d\u044b\u0435 \u0448\u0442\u043e\u0440\u044b<\/b><\/h1>\n<p>[\/et_pb_text][et_pb_divider color=&#187;#000000&#8243; _builder_version=&#187;4.21.0&#8243; _module_preset=&#187;default&#187; max_width=&#187;60%&#187; custom_margin=&#187;-16px||1px||false|false&#187; custom_padding=&#187;0px||1px||false|false&#187; global_colors_info=&#187;{}&#187; theme_builder_area=&#187;post_content&#187;][\/et_pb_divider][\/et_pb_column_inner][\/et_pb_row_inner][et_pb_row_inner _builder_version=&#187;4.16&#8243; background_size=&#187;initial&#187; background_position=&#187;top_left&#187; background_repeat=&#187;repeat&#187; custom_margin=&#187;-33px||||false|false&#187; global_colors_info=&#187;{}&#187; theme_builder_area=&#187;post_content&#187;][et_pb_column_inner saved_specialty_column_type=&#187;3_4&#8243; _builder_version=&#187;4.16&#8243; custom_padding=&#187;|||&#187; global_colors_info=&#187;{}&#187; custom_padding__hover=&#187;|||&#187; theme_builder_area=&#187;post_content&#187;][et_pb_text admin_label=&#187;Text&#187; _builder_version=&#187;4.21.0&#8243; text_font_size=&#187;17px&#187; header_3_line_height=&#187;1.7em&#187; header_4_line_height=&#187;1.9em&#187; background_size=&#187;initial&#187; background_position=&#187;top_left&#187; background_repeat=&#187;repeat&#187; hover_enabled=&#187;0&#8243; global_colors_info=&#187;{}&#187; sticky_enabled=&#187;0&#8243; theme_builder_area=&#187;post_content&#187;]<\/p>\n<p><span data-contrast=\"none\">\u0412\u0435\u0440\u0442\u0438\u043a\u0430\u043b\u044c\u043d\u044b\u0435 \u043b\u0430\u043c\u0435\u043b\u044c\u043d\u044b\u0435 \u0448\u0442\u043e\u0440\u044b \u043f\u0440\u0435\u0434\u0441\u0442\u0430\u0432\u043b\u044f\u044e\u0442 \u0441\u043e\u0431\u043e\u0439 \u0448\u0442\u043e\u0440\u044b \u0438\u0437 \u0432\u0435\u0440\u0442\u0438\u043a\u0430\u043b\u044c\u043d\u044b\u0445 \u043f\u043e\u043b\u043e\u0441 \u0442\u043a\u0430\u043d\u0438, \u043a\u043e\u0442\u043e\u0440\u044b\u0435 \u043c\u043e\u0436\u043d\u043e \u043f\u0435\u0440\u0435\u043c\u0435\u0449\u0430\u0442\u044c \u0432 \u0441\u0442\u043e\u0440\u043e\u043d\u044b \u0432\u043c\u0435\u0441\u0442\u0435, \u0430 \u0438\u0445 \u043f\u043e\u043b\u043e\u0441\u044b \u0432\u0440\u0430\u0449\u0430\u044e\u0442\u0441\u044f \u0432\u043e\u043a\u0440\u0443\u0433 \u0441\u0432\u043e\u0435\u0439 \u043e\u0441\u0438 (\u043d\u0430 180 \u0433\u0440\u0430\u0434\u0443\u0441\u043e\u0432). <\/span><\/p>\n<p><span data-contrast=\"none\">\u0428\u0442\u043e\u0440\u0430 \u2013 \u0438\u0434\u0435\u0430\u043b\u044c\u043d\u043e\u0435 \u0440\u0435\u0448\u0435\u043d\u0438\u0435 \u0434\u043b\u044f \u043e\u0444\u0438\u0441\u043e\u0432, \u043d\u043e \u043e\u043d\u0430 \u0442\u0430\u043a\u0436\u0435 \u043f\u043e\u0434\u0445\u043e\u0434\u0438\u0442 \u0434\u043b\u044f \u0434\u043e\u043c\u043e\u0432 \u0431\u043b\u0430\u0433\u043e\u0434\u0430\u0440\u044f \u0441\u0432\u043e\u0435\u0439 \u043f\u0440\u0430\u043a\u0442\u0438\u0447\u043d\u043e\u0441\u0442\u0438 \u0438 \u043c\u0438\u043d\u0438\u043c\u0430\u043b\u0438\u0441\u0442\u0438\u0447\u043d\u043e\u0441\u0442\u0438. <\/span><\/p>\n<p><span data-contrast=\"none\">\u0417\u0430 \u043b\u0430\u043c\u0435\u043b\u044c\u043d\u043e\u0439 \u0448\u0442\u043e\u0440\u043e\u0439 \u043e\u0447\u0435\u043d\u044c \u043b\u0435\u0433\u043a\u043e \u0443\u0445\u0430\u0436\u0438\u0432\u0430\u0442\u044c, \u0447\u0438\u0441\u0442\u044f \u0435\u0435 \u0442\u043e\u043b\u044c\u043a\u043e \u0432\u043b\u0430\u0436\u043d\u043e\u0439 \u0442\u043a\u0430\u043d\u044c\u044e. \u0422\u0430\u043a\u0436\u0435 \u043f\u043e\u0434\u0445\u043e\u0434\u0438\u0442 \u0434\u043b\u044f \u043e\u043a\u043e\u043d \u0441\u043f\u0435\u0446\u0438\u0430\u043b\u044c\u043d\u043e\u0439 \u0444\u043e\u0440\u043c\u044b. <\/span><\/p>\n<p><span data-contrast=\"none\">\u041c\u043e\u0436\u043d\u043e \u0443\u043f\u0440\u0430\u0432\u043b\u044f\u0442\u044c \u0446\u0435\u043f\u044c\u044e \u0438\u043b\u0438 \u0441 \u043f\u043e\u043c\u043e\u0449\u044c\u044e \u044d\u043b\u0435\u043a\u0442\u0440\u043e\u043f\u0440\u0438\u0432\u043e\u0434\u0430.<\/span><span data-ccp-props=\"{\" 201341983=\"\" :0=\"\" 335559739=\"\" :160=\"\" 335559740=\"\" :259=\"\"> <\/span><\/p>\n<p><span data-ccp-props=\"{\" 201341983=\"\" :0=\"\" 335559739=\"\" :160=\"\" 335559740=\"\" :259=\"\"><\/span><\/p>\n<h4><strong>\u0412\u044b\u0431\u043e\u0440 \u043c\u0430\u0442\u0435\u0440\u0438\u0430\u043b\u0430<\/strong><\/h4>\n<ul>\n<li data-leveltext=\"\uf0b7\" data-font=\"Symbol\" data-listid=\"2\" data-list-defn-props=\"{\" 335552541=\"\" :1=\"\" 335559684=\"\" :-2=\"\" 335559685=\"\" :720=\"\" 335559991=\"\" :360=\"\" 469769226=\"\" :=\"\" symbol=\"\" 469769242=\"\" 8226=\"\" 469777803=\"\" left=\"\" 469777804=\"\" 469777815=\"\" hybridmultilevel=\"\" aria-setsize=\"-1\" data-aria-posinset=\"1\" data-aria-level=\"1\"><span data-contrast=\"none\">\u041f\u043e\u043b\u0443-\u0437\u0430\u0442\u0435\u043c\u043d\u044f\u044e\u0449\u0430\u044f \u0442\u043a\u0430\u043d\u044c \u2013 \u0448\u0438\u0440\u043e\u043a\u0438\u0439 \u0432\u044b\u0431\u043e\u0440 \u0446\u0432\u0435\u0442\u043e\u0432<\/span><span data-ccp-props=\"{\" 201341983=\"\" :0=\"\" 335559739=\"\" :160=\"\" 335559740=\"\" :259=\"\"> <\/span><\/li>\n<li data-leveltext=\"\uf0b7\" data-font=\"Symbol\" data-listid=\"2\" data-list-defn-props=\"{\" 335552541=\"\" :1=\"\" 335559684=\"\" :-2=\"\" 335559685=\"\" :720=\"\" 335559991=\"\" :360=\"\" 469769226=\"\" :=\"\" symbol=\"\" 469769242=\"\" 8226=\"\" 469777803=\"\" left=\"\" 469777804=\"\" 469777815=\"\" hybridmultilevel=\"\" aria-setsize=\"-1\" data-aria-posinset=\"1\" data-aria-level=\"1\"><span data-ccp-props=\"{\" 201341983=\"\" :0=\"\" 335559739=\"\" :160=\"\" 335559740=\"\" :259=\"\">\u041e\u0433\u043d\u0435\u0441\u0442\u043e\u0439\u043a\u0430\u044f \u0442\u043a\u0430\u043d\u044c <\/span><\/li>\n<\/ul>\n<p>[\/et_pb_text][\/et_pb_column_inner][\/et_pb_row_inner][et_pb_row_inner _builder_version=&#187;4.16&#8243; _module_preset=&#187;default&#187; global_colors_info=&#187;{}&#187; theme_builder_area=&#187;post_content&#187;][et_pb_column_inner saved_specialty_column_type=&#187;3_4&#8243; _builder_version=&#187;4.16&#8243; _module_preset=&#187;default&#187; global_colors_info=&#187;{}&#187; theme_builder_area=&#187;post_content&#187;][et_pb_image src=&#187;https:\/\/harmtex.ee\/wp-content\/uploads\/2023\/07\/mellkardin-harmtex.jpeg&#187; title_text=&#187;lamellkardin harmtex&#187; _builder_version=&#187;4.21.0&#8243; _module_preset=&#187;default&#187; global_colors_info=&#187;{}&#187; theme_builder_area=&#187;post_content&#187;][\/et_pb_image][\/et_pb_column_inner][\/et_pb_row_inner][\/et_pb_column][et_pb_column type=&#187;1_4&#8243; _builder_version=&#187;4.16&#8243; custom_padding=&#187;|||&#187; global_colors_info=&#187;{}&#187; custom_padding__hover=&#187;|||&#187; theme_builder_area=&#187;post_content&#187;][et_pb_text _builder_version=&#187;4.21.0&#8243; _module_preset=&#187;default&#187; custom_margin=&#187;0px||-1px||false|false&#187; custom_padding=&#187;0px||0px||false|false&#187; global_colors_info=&#187;{}&#187; theme_builder_area=&#187;post_content&#187;]<\/p>\n<h3><b>\u0418\u0417\u0414\u0415\u041b\u0418\u042f\u00a0<\/b><\/h3>\n<p>[\/et_pb_text][et_pb_menu menu_id=&#187;108&#8243; _builder_version=&#187;4.21.0&#8243; _module_preset=&#187;default&#187; global_colors_info=&#187;{}&#187; theme_builder_area=&#187;post_content&#187;][\/et_pb_menu][et_pb_text _builder_version=&#187;4.21.0&#8243; _module_preset=&#187;default&#187; text_font=&#187;||||||||&#187; text_font_size=&#187;20px&#187; header_2_font=&#187;||||||||&#187; header_2_text_align=&#187;left&#187; header_2_text_color=&#187;#000000&#8243; header_2_font_size=&#187;22px&#187; header_2_line_height=&#187;1.3em&#187; header_3_text_align=&#187;left&#187; header_3_text_color=&#187;#6B6B6B&#187; header_3_font_size=&#187;18px&#187; text_orientation=&#187;center&#187; custom_margin=&#187;1px||||false|false&#187; custom_padding=&#187;1px||0px||false|false&#187; header_2_font_size_phone=&#187;30px&#187; header_2_font_size_last_edited=&#187;off|desktop&#187; global_colors_info=&#187;{}&#187; theme_builder_area=&#187;post_content&#187;]<\/p>\n<h2>\u041f\u043e\u0441\u0435\u0442\u0438\u0442\u0435 \u043d\u0430\u0448\u0438 \u0443\u044e\u0442\u043d\u044b\u0435 \u0441\u0430\u043b\u043e\u043d\u044b \u0448\u0442\u043e\u0440 \u0432 \u041f\u044f\u0440\u043d\u0443 \u0438 \u0422\u0430\u043b\u043b\u0438\u043d\u043d\u0435!<\/h2>\n<h3>\u041f\u043d.-\u041f\u0442. 10:00-17:00<\/h3>\n<p>[\/et_pb_text][et_pb_blurb title=&#187;\u0421\u0410\u041b\u041e\u041d \u0428\u0422\u041e\u0420 HARMTEX \u0412 \u041f\u042f\u0420\u041d\u0423&#187; use_icon=&#187;on&#187; font_icon=&#187;&#xf1ad;||fa||400&#8243; icon_color=&#187;#8F8F8F&#187; icon_placement=&#187;left&#187; _builder_version=&#187;4.21.0&#8243; _module_preset=&#187;default&#187; global_colors_info=&#187;{}&#187; theme_builder_area=&#187;post_content&#187;]<\/p>\n<p>Waldofi \u00c4rimaja<\/p>\n<p>Suur-J\u00f5e 63, \u041f\u044f\u0440\u043d\u0443<\/p>\n<p>Te\u043b.: +372 5199 9807<\/p>\n<p>[\/et_pb_blurb][et_pb_blurb title=&#187;\u0421\u0410\u041b\u041e\u041d \u0428\u0422\u041e\u0420 HARMTEX \u0412 \u0422\u0410\u041b\u041b\u0418\u041d\u041d\u0415&#187; use_icon=&#187;on&#187; font_icon=&#187;&#xf1ad;||fa||900&#8243; icon_color=&#187;#8F8F8F&#187; icon_placement=&#187;left&#187; _builder_version=&#187;4.21.0&#8243; _module_preset=&#187;default&#187; global_colors_info=&#187;{}&#187; theme_builder_area=&#187;post_content&#187;]<\/p>\n<p>V\u00e4ike-J\u00e4rve \u00c4rimaja<\/p>\n<p>P\u00e4rnu mnt 186, \u0422\u0430\u043b\u043b\u0438\u043d\u043d<\/p>\n<p>Te\u043b.: +372 5343 3480<\/p>\n<p>[\/et_pb_blurb][et_pb_blurb title=&#187;\u0410\u0412\u0422\u041e\u0411\u0423\u0421 \u0428\u0422\u041e\u0420 HARMTEX&#187; use_icon=&#187;on&#187; font_icon=&#187;&#xf207;||fa||900&#8243; icon_color=&#187;#8F8F8F&#187; icon_placement=&#187;left&#187; _builder_version=&#187;4.21.0&#8243; _module_preset=&#187;default&#187; global_colors_info=&#187;{}&#187; theme_builder_area=&#187;post_content&#187;]<\/p>\n<p>\u041f\u0440\u0438\u0433\u043b\u0430\u0441\u0438\u0442\u0435 \u0441\u0430\u043b\u043e\u043d \u0448\u0442\u043e\u0440 \u043a \u0441\u0435\u0431\u0435!<\/p>\n<p>\u0414\u043e\u0433\u043e\u0432\u043e\u0440\u0438\u0442\u0435\u0441\u044c \u043e \u043f\u043e\u0441\u0435\u0449\u0435\u043d\u0438\u0438 \u043d\u0430 \u0434\u043e\u043c \u043f\u043e \u0442\u0435\u043b\u0435\u0444\u043e\u043d\u0443 +372 53 433 480.<\/p>\n<p>[\/et_pb_blurb][\/et_pb_column][\/et_pb_section][et_pb_section fb_built=&#187;1&#8243; _builder_version=&#187;4.21.0&#8243; _module_preset=&#187;default&#187; custom_margin=&#187;0px||||false|false&#187; custom_padding=&#187;||||false|false&#187; top_divider_style=&#187;slant2&#8243; top_divider_color=&#187;#D6D6D6&#8243; bottom_divider_style=&#187;slant2&#8243; bottom_divider_color=&#187;#D6D6D6&#8243; bottom_divider_height=&#187;72px&#187; global_colors_info=&#187;{}&#187; global_module=&#187;9032&#8243; theme_builder_area=&#187;post_content&#187;][et_pb_row _builder_version=&#187;4.21.0&#8243; _module_preset=&#187;default&#187; global_colors_info=&#187;{}&#187; theme_builder_area=&#187;post_content&#187;][et_pb_column type=&#187;4_4&#8243; _builder_version=&#187;4.21.0&#8243; _module_preset=&#187;default&#187; global_colors_info=&#187;{}&#187; theme_builder_area=&#187;post_content&#187;][et_pb_text _builder_version=&#187;4.21.0&#8243; _module_preset=&#187;default&#187; text_font=&#187;||||||||&#187; text_font_size=&#187;20px&#187; header_2_font=&#187;|700|||||||&#187; header_2_font_size=&#187;38px&#187; header_2_line_height=&#187;1.3em&#187; text_orientation=&#187;center&#187; custom_margin=&#187;||||false|false&#187; header_2_font_size_tablet=&#187;38px&#187; header_2_font_size_phone=&#187;27px&#187; header_2_font_size_last_edited=&#187;on|phone&#187; global_colors_info=&#187;{}&#187; theme_builder_area=&#187;post_content&#187;]<\/p>\n<h2><span>\u041e\u0431\u043d\u043e\u0432\u0438\u0442\u044c \u0432\u043d\u0435\u0448\u043d\u0438\u0439 \u0432\u0438\u0434 <\/span>\u0441\u0432\u043e\u0435\u0433\u043e \u0434\u043e\u043c\u0430 \u0438\u043b\u0438 \u0440\u0430\u0431\u043e\u0447\u0435\u0433\u043e \u043c\u0435\u0441\u0442\u0430?<\/h2>\n<p>\u041d\u0430\u043f\u0438\u0448\u0438\u0442\u0435 \u043d\u0430\u043c \u043e \u0441\u0432\u043e\u0438\u0445 \u0436\u0435\u043b\u0430\u043d\u0438\u044f\u0445 \u0438 \u0434\u043e\u0433\u043e\u0432\u043e\u0440\u0438\u043c\u0441\u044f \u043e \u043f\u0435\u0440\u0432\u0438\u0447\u043d\u043e\u0439 \u043a\u043e\u043d\u0441\u0443\u043b\u044c\u0442\u0430\u0446\u0438\u0438 \u0438\u043b\u0438 \u0432\u0438\u0437\u0438\u0442\u0435 \u0432 \u0448\u0442\u043e\u0440\u043a\u0443!<\/p>\n<p>[\/et_pb_text][\/et_pb_column][\/et_pb_row][et_pb_row column_structure=&#187;1_2,1_2&#8243; _builder_version=&#187;4.21.0&#8243; _module_preset=&#187;default&#187; custom_margin=&#187;22px||||false|false&#187; global_colors_info=&#187;{}&#187; theme_builder_area=&#187;post_content&#187;][et_pb_column type=&#187;1_2&#8243; _builder_version=&#187;4.16&#8243; _module_preset=&#187;default&#187; global_colors_info=&#187;{}&#187; theme_builder_area=&#187;post_content&#187;][et_pb_image src=&#187;https:\/\/harmtex.ee\/wp-content\/uploads\/2021\/04\/IMG_5227.jpg&#187; title_text=&#187;IMG_5227&#8243; _builder_version=&#187;4.21.0&#8243; _module_preset=&#187;default&#187; custom_margin=&#187;-2px||||false|false&#187; global_colors_info=&#187;{}&#187; theme_builder_area=&#187;post_content&#187;][\/et_pb_image][\/et_pb_column][et_pb_column type=&#187;1_2&#8243; _builder_version=&#187;4.16&#8243; _module_preset=&#187;default&#187; global_colors_info=&#187;{}&#187; theme_builder_area=&#187;post_content&#187;][et_pb_contact_form captcha=&#187;off&#187; email=&#187;info@harmtex.ee&#187; success_message=&#187;\u0421\u043f\u0430\u0441\u0438\u0431\u043e \u0437\u0430 \u0441\u043e\u043e\u0431\u0449\u0435\u043d\u0438\u0435! \u041c\u044b \u0441\u0432\u044f\u0436\u0435\u043c\u0441\u044f \u0441 \u0432\u0430\u043c\u0438 \u0432 \u0442\u0435\u0447\u0435\u043d\u0438\u0435 24 \u0447\u0430\u0441\u043e\u0432.  &#187; submit_button_text=&#187;\u041e\u0442\u043f\u0440\u0430\u0432\u043b\u044f\u0442\u044c&#187; _builder_version=&#187;4.21.0&#8243; _unique_id=&#187;a79754c1-e1e2-40ce-ad77-1d0f0b4f84b6&#8243; title_font=&#187;|600|||||||&#187; title_text_align=&#187;center&#187; custom_button=&#187;on&#187; button_text_color=&#187;#FFFFFF&#187; button_bg_color=&#187;#000000&#8243; global_colors_info=&#187;{}&#187; theme_builder_area=&#187;post_content&#187;][et_pb_contact_field field_id=&#187;Email&#187; field_title=&#187;\u042d\u043b\u0435\u043a\u0442\u0440\u043e\u043d\u043d\u0430\u044f \u043f\u043e\u0447\u0442\u0430&#187; field_type=&#187;email&#187; _builder_version=&#187;4.16&#8243; global_colors_info=&#187;{}&#187; button_text_size__hover_enabled=&#187;off&#187; button_one_text_size__hover_enabled=&#187;off&#187; button_two_text_size__hover_enabled=&#187;off&#187; button_text_color__hover_enabled=&#187;off&#187; button_one_text_color__hover_enabled=&#187;off&#187; button_two_text_color__hover_enabled=&#187;off&#187; button_border_width__hover_enabled=&#187;off&#187; button_one_border_width__hover_enabled=&#187;off&#187; button_two_border_width__hover_enabled=&#187;off&#187; button_border_color__hover_enabled=&#187;off&#187; button_one_border_color__hover_enabled=&#187;off&#187; button_two_border_color__hover_enabled=&#187;off&#187; button_border_radius__hover_enabled=&#187;off&#187; button_one_border_radius__hover_enabled=&#187;off&#187; button_two_border_radius__hover_enabled=&#187;off&#187; button_letter_spacing__hover_enabled=&#187;off&#187; button_one_letter_spacing__hover_enabled=&#187;off&#187; button_two_letter_spacing__hover_enabled=&#187;off&#187; button_bg_color__hover_enabled=&#187;off&#187; button_one_bg_color__hover_enabled=&#187;off&#187; button_two_bg_color__hover_enabled=&#187;off&#187; theme_builder_area=&#187;post_content&#187;][\/et_pb_contact_field][et_pb_contact_field field_id=&#187;Phone_2&#8243; field_title=&#187;\u041d\u043e\u043c\u0435\u0440 \u0442\u0435\u043b\u0435\u0444\u043e\u043d\u0430&#187; _builder_version=&#187;4.16&#8243; global_colors_info=&#187;{}&#187; button_text_size__hover_enabled=&#187;off&#187; button_one_text_size__hover_enabled=&#187;off&#187; button_two_text_size__hover_enabled=&#187;off&#187; button_text_color__hover_enabled=&#187;off&#187; button_one_text_color__hover_enabled=&#187;off&#187; button_two_text_color__hover_enabled=&#187;off&#187; button_border_width__hover_enabled=&#187;off&#187; button_one_border_width__hover_enabled=&#187;off&#187; button_two_border_width__hover_enabled=&#187;off&#187; button_border_color__hover_enabled=&#187;off&#187; button_one_border_color__hover_enabled=&#187;off&#187; button_two_border_color__hover_enabled=&#187;off&#187; button_border_radius__hover_enabled=&#187;off&#187; button_one_border_radius__hover_enabled=&#187;off&#187; button_two_border_radius__hover_enabled=&#187;off&#187; button_letter_spacing__hover_enabled=&#187;off&#187; button_one_letter_spacing__hover_enabled=&#187;off&#187; button_two_letter_spacing__hover_enabled=&#187;off&#187; button_bg_color__hover_enabled=&#187;off&#187; button_one_bg_color__hover_enabled=&#187;off&#187; button_two_bg_color__hover_enabled=&#187;off&#187; theme_builder_area=&#187;post_content&#187;][\/et_pb_contact_field][et_pb_contact_field field_id=&#187;Name_2&#8243; field_title=&#187;\u0418\u043c\u044f \u0438 \u0444\u0430\u043c\u0438\u043b\u0438\u044f&#187; fullwidth_field=&#187;on&#187; _builder_version=&#187;4.16&#8243; global_colors_info=&#187;{}&#187; button_text_size__hover_enabled=&#187;off&#187; button_one_text_size__hover_enabled=&#187;off&#187; button_two_text_size__hover_enabled=&#187;off&#187; button_text_color__hover_enabled=&#187;off&#187; button_one_text_color__hover_enabled=&#187;off&#187; button_two_text_color__hover_enabled=&#187;off&#187; button_border_width__hover_enabled=&#187;off&#187; button_one_border_width__hover_enabled=&#187;off&#187; button_two_border_width__hover_enabled=&#187;off&#187; button_border_color__hover_enabled=&#187;off&#187; button_one_border_color__hover_enabled=&#187;off&#187; button_two_border_color__hover_enabled=&#187;off&#187; button_border_radius__hover_enabled=&#187;off&#187; button_one_border_radius__hover_enabled=&#187;off&#187; button_two_border_radius__hover_enabled=&#187;off&#187; button_letter_spacing__hover_enabled=&#187;off&#187; button_one_letter_spacing__hover_enabled=&#187;off&#187; button_two_letter_spacing__hover_enabled=&#187;off&#187; button_bg_color__hover_enabled=&#187;off&#187; button_one_bg_color__hover_enabled=&#187;off&#187; button_two_bg_color__hover_enabled=&#187;off&#187; theme_builder_area=&#187;post_content&#187;][\/et_pb_contact_field][et_pb_contact_field field_id=&#187;Message&#187; field_title=&#187;\u0421\u043e\u043e\u0431\u0449\u0435\u043d\u0438\u0435&#187; field_type=&#187;text&#187; fullwidth_field=&#187;on&#187; _builder_version=&#187;4.16&#8243; global_colors_info=&#187;{}&#187; button_text_size__hover_enabled=&#187;off&#187; button_one_text_size__hover_enabled=&#187;off&#187; button_two_text_size__hover_enabled=&#187;off&#187; button_text_color__hover_enabled=&#187;off&#187; button_one_text_color__hover_enabled=&#187;off&#187; button_two_text_color__hover_enabled=&#187;off&#187; button_border_width__hover_enabled=&#187;off&#187; button_one_border_width__hover_enabled=&#187;off&#187; button_two_border_width__hover_enabled=&#187;off&#187; button_border_color__hover_enabled=&#187;off&#187; button_one_border_color__hover_enabled=&#187;off&#187; button_two_border_color__hover_enabled=&#187;off&#187; button_border_radius__hover_enabled=&#187;off&#187; button_one_border_radius__hover_enabled=&#187;off&#187; button_two_border_radius__hover_enabled=&#187;off&#187; button_letter_spacing__hover_enabled=&#187;off&#187; button_one_letter_spacing__hover_enabled=&#187;off&#187; button_two_letter_spacing__hover_enabled=&#187;off&#187; button_bg_color__hover_enabled=&#187;off&#187; button_one_bg_color__hover_enabled=&#187;off&#187; button_two_bg_color__hover_enabled=&#187;off&#187; theme_builder_area=&#187;post_content&#187;][\/et_pb_contact_field][\/et_pb_contact_form][\/et_pb_column][\/et_pb_row][\/et_pb_section]<\/p>\n","protected":false},"excerpt":{"rendered":"<p>\u041b\u0430\u043c\u0435\u043b\u044c\u043d\u044b\u0435 \u0448\u0442\u043e\u0440\u044b\u0412\u0435\u0440\u0442\u0438\u043a\u0430\u043b\u044c\u043d\u044b\u0435 \u043b\u0430\u043c\u0435\u043b\u044c\u043d\u044b\u0435 \u0448\u0442\u043e\u0440\u044b \u043f\u0440\u0435\u0434\u0441\u0442\u0430\u0432\u043b\u044f\u044e\u0442 \u0441\u043e\u0431\u043e\u0439 \u0448\u0442\u043e\u0440\u044b \u0438\u0437 \u0432\u0435\u0440\u0442\u0438\u043a\u0430\u043b\u044c\u043d\u044b\u0445 \u043f\u043e\u043b\u043e\u0441 \u0442\u043a\u0430\u043d\u0438, \u043a\u043e\u0442\u043e\u0440\u044b\u0435 \u043c\u043e\u0436\u043d\u043e \u043f\u0435\u0440\u0435\u043c\u0435\u0449\u0430\u0442\u044c \u0432 \u0441\u0442\u043e\u0440\u043e\u043d\u044b \u0432\u043c\u0435\u0441\u0442\u0435, \u0430 \u0438\u0445 \u043f\u043e\u043b\u043e\u0441\u044b \u0432\u0440\u0430\u0449\u0430\u044e\u0442\u0441\u044f \u0432\u043e\u043a\u0440\u0443\u0433 \u0441\u0432\u043e\u0435\u0439 \u043e\u0441\u0438 (\u043d\u0430 180 \u0433\u0440\u0430\u0434\u0443\u0441\u043e\u0432). \u0428\u0442\u043e\u0440\u0430 \u2013 \u0438\u0434\u0435\u0430\u043b\u044c\u043d\u043e\u0435 \u0440\u0435\u0448\u0435\u043d\u0438\u0435 \u0434\u043b\u044f \u043e\u0444\u0438\u0441\u043e\u0432, \u043d\u043e \u043e\u043d\u0430 \u0442\u0430\u043a\u0436\u0435 \u043f\u043e\u0434\u0445\u043e\u0434\u0438\u0442 \u0434\u043b\u044f \u0434\u043e\u043c\u043e\u0432 \u0431\u043b\u0430\u0433\u043e\u0434\u0430\u0440\u044f \u0441\u0432\u043e\u0435\u0439 \u043f\u0440\u0430\u043a\u0442\u0438\u0447\u043d\u043e\u0441\u0442\u0438 \u0438 \u043c\u0438\u043d\u0438\u043c\u0430\u043b\u0438\u0441\u0442\u0438\u0447\u043d\u043e\u0441\u0442\u0438. \u0417\u0430 \u043b\u0430\u043c\u0435\u043b\u044c\u043d\u043e\u0439 \u0448\u0442\u043e\u0440\u043e\u0439 \u043e\u0447\u0435\u043d\u044c \u043b\u0435\u0433\u043a\u043e \u0443\u0445\u0430\u0436\u0438\u0432\u0430\u0442\u044c, \u0447\u0438\u0441\u0442\u044f \u0435\u0435 \u0442\u043e\u043b\u044c\u043a\u043e \u0432\u043b\u0430\u0436\u043d\u043e\u0439 \u0442\u043a\u0430\u043d\u044c\u044e. [&hellip;]<\/p>\n","protected":false},"author":6,"featured_media":0,"parent":0,"menu_order":0,"comment_status":"closed","ping_status":"closed","template":"","meta":{"_et_pb_use_builder":"on","_et_pb_old_content":"","_et_gb_content_width":"","footnotes":""},"class_list":["post-9094","page","type-page","status-publish","hentry"],"_links":{"self":[{"href":"https:\/\/www.harmtex.ee\/ru\/wp-json\/wp\/v2\/pages\/9094","targetHints":{"allow":["GET"]}}],"collection":[{"href":"https:\/\/www.harmtex.ee\/ru\/wp-json\/wp\/v2\/pages"}],"about":[{"href":"https:\/\/www.harmtex.ee\/ru\/wp-json\/wp\/v2\/types\/page"}],"author":[{"embeddable":true,"href":"https:\/\/www.harmtex.ee\/ru\/wp-json\/wp\/v2\/users\/6"}],"replies":[{"embeddable":true,"href":"https:\/\/www.harmtex.ee\/ru\/wp-json\/wp\/v2\/comments?post=9094"}],"version-history":[{"count":5,"href":"https:\/\/www.harmtex.ee\/ru\/wp-json\/wp\/v2\/pages\/9094\/revisions"}],"predecessor-version":[{"id":9106,"href":"https:\/\/www.harmtex.ee\/ru\/wp-json\/wp\/v2\/pages\/9094\/revisions\/9106"}],"wp:attachment":[{"href":"https:\/\/www.harmtex.ee\/ru\/wp-json\/wp\/v2\/media?parent=9094"}],"curies":[{"name":"wp","href":"https:\/\/api.w.org\/{rel}","templated":true}]}}